{"id":226,"date":"2021-11-06T00:30:47","date_gmt":"2021-11-05T23:30:47","guid":{"rendered":"https:\/\/www.mana-au.fr\/?page_id=226"},"modified":"2025-03-27T17:34:40","modified_gmt":"2025-03-27T16:34:40","slug":"palmares","status":"publish","type":"page","link":"https:\/\/www.mana-au.com\/index.php\/palmares\/","title":{"rendered":"En 2025, Mana&rsquo;au engage sa Honda CBR 1000 RR-R au Mans, \u00e0 Spa et au Bol d&rsquo;Or."},"content":{"rendered":"\n<p><\/p>\n\n\n\n<p><strong>Pour la douzi\u00e8me ann\u00e9e cons\u00e9cutive, Mana&rsquo;au Comp\u00e9tition va participer aux <a href=\"https:\/\/www.24h-motos.com\/\" target=\"_blank\" rel=\"noopener\" title=\"\">24&nbsp;heures du Mans moto<\/a><\/strong>.<\/p>\n\n\n\n<p><strong>2025 sera la 48e \u00e9dition. <\/strong><\/p>\n\n\n\n<p><strong>Dominique Messager (Team Manager) : \u00ab\u00a0<em>\u00c7a a toujours \u00e9t\u00e9 un r\u00eave \u00e9tant jeune. Cette ann\u00e9e nous allons encha\u00eener trois courses :<\/em><\/strong><\/p>\n\n\n\n<ul class=\"wp-block-list\">\n<li><strong><em>Les 24 heures du MANS en avril ;<\/em><\/strong><\/li>\n\n\n\n<li><strong><em>Les 8 heures de SPA (Belgique) en juin <\/em>;<\/strong><\/li>\n\n\n\n<li><strong><em>et le Bol d&rsquo;Or au Castelet en septembre<\/em>.\u00a0\u00bb<\/strong><\/li>\n<\/ul>\n\n\n\n<figure class=\"wp-block-pullquote\"><blockquote><p>Mana&rsquo;au Comp\u00e9tition totalise 21 participations \u00e0 des courses de 24h depuis sa cr\u00e9ation.<\/p><\/blockquote><\/figure>\n\n\n\n<ul class=\"wp-block-list has-medium-font-size\">\n<li><strong>Le Mans :<\/strong> 13 participations, cat\u00e9gorie professionnelle (2010, 2014, 2015, 2016, 2017, 2018, 2019, 2020, 2021, 2022, 2023, 2024, 2025)<\/li>\n\n\n\n<li><strong>Barcelone :<\/strong> 4 participations, cat\u00e9gorie professionnelle (2012, 2013, 2014 et 2015)<\/li>\n\n\n\n<li><strong>Spa : <\/strong>2 participations, cat\u00e9gorie professionnelle (2022, 2023)<\/li>\n\n\n\n<li><strong>Le Bol d&rsquo;Or au Castelet : <\/strong>2 participations en EWC (2024, 2025)<\/li>\n<\/ul>\n\n\n\n<figure class=\"wp-block-pullquote\"><blockquote><p><strong>Et nous repartons en 2025 pour les 24h du Mans, les 8h de Spa&#8230;. et le Bol d&rsquo;Or !<\/strong><\/p><\/blockquote><\/figure>\n\n\n\n<figure class=\"wp-block-embed is-type-video is-provider-youtube wp-block-embed-youtube wp-embed-aspect-16-9 wp-has-aspect-ratio\"><div class=\"wp-block-embed__wrapper\">\n<iframe loading=\"lazy\" title=\"2024 Honda CBR1000RR-R Fireblade SP - The bike you need to win\" width=\"783\" height=\"440\" src=\"https:\/\/www.youtube.com\/embed\/sVUjmJ8u3zQ?feature=oembed\" frameborder=\"0\" allow=\"accelerometer; autoplay; clipboard-write; encrypted-media; gyroscope; picture-in-picture; web-share\" referrerpolicy=\"strict-origin-when-cross-origin\" allowfullscreen><\/iframe>\n<\/div><\/figure>\n\n\n\n<figure class=\"wp-block-gallery has-nested-images columns-default is-cropped wp-block-gallery-1 is-layout-flex wp-block-gallery-is-layout-flex\">\n<figure class=\"wp-block-image size-large\"><img loading=\"lazy\" decoding=\"async\" width=\"842\" height=\"596\" data-id=\"613\" src=\"https:\/\/mana-au.com\/wp-content\/uploads\/2024\/04\/24h-2022.jpg\" alt=\"\" class=\"wp-image-613\" srcset=\"https:\/\/www.mana-au.com\/wp-content\/uploads\/2024\/04\/24h-2022.jpg 842w, https:\/\/www.mana-au.com\/wp-content\/uploads\/2024\/04\/24h-2022-300x212.jpg 300w, https:\/\/www.mana-au.com\/wp-content\/uploads\/2024\/04\/24h-2022-768x544.jpg 768w\" sizes=\"auto, (max-width: 842px) 100vw, 842px\" \/><\/figure>\n\n\n\n<figure class=\"wp-block-image size-full\"><img loading=\"lazy\" decoding=\"async\" width=\"877\" height=\"621\" data-id=\"614\" src=\"https:\/\/mana-au.com\/wp-content\/uploads\/2024\/04\/24h-2020.jpg\" alt=\"\" class=\"wp-image-614\" srcset=\"https:\/\/www.mana-au.com\/wp-content\/uploads\/2024\/04\/24h-2020.jpg 877w, https:\/\/www.mana-au.com\/wp-content\/uploads\/2024\/04\/24h-2020-300x212.jpg 300w, https:\/\/www.mana-au.com\/wp-content\/uploads\/2024\/04\/24h-2020-768x544.jpg 768w\" sizes=\"auto, (max-width: 877px) 100vw, 877px\" \/><\/figure>\n\n\n\n<figure class=\"wp-block-image size-large\"><img loading=\"lazy\" decoding=\"async\" width=\"877\" height=\"621\" data-id=\"620\" src=\"https:\/\/mana-au.com\/wp-content\/uploads\/2024\/04\/24H-2019-1.jpg\" alt=\"\" class=\"wp-image-620\" srcset=\"https:\/\/www.mana-au.com\/wp-content\/uploads\/2024\/04\/24H-2019-1.jpg 877w, https:\/\/www.mana-au.com\/wp-content\/uploads\/2024\/04\/24H-2019-1-300x212.jpg 300w, https:\/\/www.mana-au.com\/wp-content\/uploads\/2024\/04\/24H-2019-1-768x544.jpg 768w\" sizes=\"auto, (max-width: 877px) 100vw, 877px\" \/><\/figure>\n\n\n\n<figure class=\"wp-block-image size-large\"><img loading=\"lazy\" decoding=\"async\" width=\"842\" height=\"596\" data-id=\"621\" src=\"https:\/\/mana-au.com\/wp-content\/uploads\/2024\/04\/24h-2018-1.jpg\" alt=\"\" class=\"wp-image-621\" srcset=\"https:\/\/www.mana-au.com\/wp-content\/uploads\/2024\/04\/24h-2018-1.jpg 842w, https:\/\/www.mana-au.com\/wp-content\/uploads\/2024\/04\/24h-2018-1-300x212.jpg 300w, https:\/\/www.mana-au.com\/wp-content\/uploads\/2024\/04\/24h-2018-1-768x544.jpg 768w\" sizes=\"auto, (max-width: 842px) 100vw, 842px\" \/><\/figure>\n\n\n\n<figure class=\"wp-block-image size-large\"><img loading=\"lazy\" decoding=\"async\" width=\"960\" height=\"720\" data-id=\"659\" src=\"https:\/\/mana-au.com\/wp-content\/uploads\/2024\/04\/Manaau-24H-2021.jpg\" alt=\"\" class=\"wp-image-659\" srcset=\"https:\/\/www.mana-au.com\/wp-content\/uploads\/2024\/04\/Manaau-24H-2021.jpg 960w, https:\/\/www.mana-au.com\/wp-content\/uploads\/2024\/04\/Manaau-24H-2021-300x225.jpg 300w, https:\/\/www.mana-au.com\/wp-content\/uploads\/2024\/04\/Manaau-24H-2021-768x576.jpg 768w\" sizes=\"auto, (max-width: 960px) 100vw, 960px\" \/><\/figure>\n\n\n\n<figure class=\"wp-block-image size-large\"><img loading=\"lazy\" decoding=\"async\" width=\"877\" height=\"621\" data-id=\"622\" src=\"https:\/\/mana-au.com\/wp-content\/uploads\/2024\/04\/24H-2017-1.jpg\" alt=\"\" class=\"wp-image-622\" srcset=\"https:\/\/www.mana-au.com\/wp-content\/uploads\/2024\/04\/24H-2017-1.jpg 877w, https:\/\/www.mana-au.com\/wp-content\/uploads\/2024\/04\/24H-2017-1-300x212.jpg 300w, https:\/\/www.mana-au.com\/wp-content\/uploads\/2024\/04\/24H-2017-1-768x544.jpg 768w\" sizes=\"auto, (max-width: 877px) 100vw, 877px\" \/><\/figure>\n<\/figure>\n","protected":false},"excerpt":{"rendered":"<p>Mana&rsquo;au Comp\u00e9tition totalise 21 participations \u00e0 des courses de 24h depuis sa cr\u00e9ation.<\/p>\n","protected":false},"author":1,"featured_media":574,"parent":0,"menu_order":0,"comment_status":"closed","ping_status":"closed","template":"","meta":{"_monsterinsights_skip_tracking":false,"_monsterinsights_sitenote_active":false,"_monsterinsights_sitenote_note":"","_monsterinsights_sitenote_category":0,"footnotes":""},"class_list":["post-226","page","type-page","status-publish","has-post-thumbnail","hentry"],"aioseo_notices":[],"_links":{"self":[{"href":"https:\/\/www.mana-au.com\/index.php\/wp-json\/wp\/v2\/pages\/226","targetHints":{"allow":["GET"]}}],"collection":[{"href":"https:\/\/www.mana-au.com\/index.php\/wp-json\/wp\/v2\/pages"}],"about":[{"href":"https:\/\/www.mana-au.com\/index.php\/wp-json\/wp\/v2\/types\/page"}],"author":[{"embeddable":true,"href":"https:\/\/www.mana-au.com\/index.php\/wp-json\/wp\/v2\/users\/1"}],"replies":[{"embeddable":true,"href":"https:\/\/www.mana-au.com\/index.php\/wp-json\/wp\/v2\/comments?post=226"}],"version-history":[{"count":30,"href":"https:\/\/www.mana-au.com\/index.php\/wp-json\/wp\/v2\/pages\/226\/revisions"}],"predecessor-version":[{"id":1003,"href":"https:\/\/www.mana-au.com\/index.php\/wp-json\/wp\/v2\/pages\/226\/revisions\/1003"}],"wp:featuredmedia":[{"embeddable":true,"href":"https:\/\/www.mana-au.com\/index.php\/wp-json\/wp\/v2\/media\/574"}],"wp:attachment":[{"href":"https:\/\/www.mana-au.com\/index.php\/wp-json\/wp\/v2\/media?parent=226"}],"curies":[{"name":"wp","href":"https:\/\/api.w.org\/{rel}","templated":true}]}}